{"id":18,"date":"2020-01-25T20:15:37","date_gmt":"2020-01-25T20:15:37","guid":{"rendered":"https:\/\/www.guiora.com.br\/wp\/?page_id=18"},"modified":"2022-02-24T18:02:34","modified_gmt":"2022-02-24T18:02:34","slug":"home","status":"publish","type":"page","link":"https:\/\/www.guiora.com.br\/","title":{"rendered":"Home"},"content":{"rendered":"\n<h2>Guiora Reabilita\u00e7\u00e3o P\u00e9lvica <\/h2>\n\n\n\n<p>Em meados de 2019, a Guiora Reabilita\u00e7\u00e3o se tornou concreta devido a jun\u00e7\u00e3o de dois profissionais que trabalham a mais de uma d\u00e9cada em suas respectivas profiss\u00f5es.<\/p>\n\n\n\n<p>Administrativamente, seu principal pilar \u00e9 oferecer um ambiente acolhedor e resolutivo para algumas pessoas que assim como sua Gestora (D\u00e9bora Oliveira), sofreram com algumas complica\u00e7\u00f5es durante o parto e posteriormente reduziram muito sua qualidade de vida, com dores frequentes e diagn\u00f3sticos incertos e consequentemente condutas poucos eficazes. <\/p>\n\n\n\n<p>J\u00e1 seu pilar ambulatorial, atrav\u00e9s do Dr. Guilherme Pereira, tem como princ\u00edpio, colocar o paciente como pe\u00e7a fundamental e mais importante no processo de reabilita\u00e7\u00e3o, fornecendo-os subs\u00eddios suficientes para a interpreta\u00e7\u00e3o de sugest\u00f5es de condutas e t\u00e9cnicas e respectiva aceita\u00e7\u00e3o dos mesmos, buscando sempre melhorar o seu quadro cl\u00ednico e satisfazer expectativas, pois pensamos que as doen\u00e7as de genit\u00e1lias diferentemente das outras, al\u00e9m de afetar o pr\u00f3prio indiv\u00edduo, interferem diretamente no ciclo familiar, reduzindo a qualidade de vida de todos.<\/p>\n","protected":false},"excerpt":{"rendered":"<p>Guiora Reabilita\u00e7\u00e3o P\u00e9lvica Em meados de 2019, a Guiora Reabilita\u00e7\u00e3o se tornou concreta devido a jun\u00e7\u00e3o de dois profissionais que trabalham a mais de uma d\u00e9cada em suas respectivas profiss\u00f5es. Administrativamente, seu principal pilar \u00e9 oferecer um ambiente acolhedor e resolutivo para algumas pessoas que assim como sua Gestora (D\u00e9bora Oliveira), sofreram com algumas complica\u00e7\u00f5es [&hellip;]<\/p>\n","protected":false},"author":1,"featured_media":324,"parent":0,"menu_order":1,"comment_status":"closed","ping_status":"closed","template":"page-template\/custom-home-page.php","meta":[],"_links":{"self":[{"href":"https:\/\/www.guiora.com.br\/index.php?rest_route=\/wp\/v2\/pages\/18"}],"collection":[{"href":"https:\/\/www.guiora.com.br\/index.php?rest_route=\/wp\/v2\/pages"}],"about":[{"href":"https:\/\/www.guiora.com.br\/index.php?rest_route=\/wp\/v2\/types\/page"}],"author":[{"embeddable":true,"href":"https:\/\/www.guiora.com.br\/index.php?rest_route=\/wp\/v2\/users\/1"}],"replies":[{"embeddable":true,"href":"https:\/\/www.guiora.com.br\/index.php?rest_route=%2Fwp%2Fv2%2Fcomments&post=18"}],"version-history":[{"count":3,"href":"https:\/\/www.guiora.com.br\/index.php?rest_route=\/wp\/v2\/pages\/18\/revisions"}],"predecessor-version":[{"id":117,"href":"https:\/\/www.guiora.com.br\/index.php?rest_route=\/wp\/v2\/pages\/18\/revisions\/117"}],"wp:featuredmedia":[{"embeddable":true,"href":"https:\/\/www.guiora.com.br\/index.php?rest_route=\/wp\/v2\/media\/324"}],"wp:attachment":[{"href":"https:\/\/www.guiora.com.br\/index.php?rest_route=%2Fwp%2Fv2%2Fmedia&parent=18"}],"curies":[{"name":"wp","href":"https:\/\/api.w.org\/{rel}","templated":true}]}}